{"id":175,"date":"2025-12-24T22:53:15","date_gmt":"2025-12-24T22:53:15","guid":{"rendered":"https:\/\/cms2520.commu.isfsc.be\/?page_id=175"},"modified":"2025-12-25T20:36:48","modified_gmt":"2025-12-25T20:36:48","slug":"175-2","status":"publish","type":"page","link":"https:\/\/cms2520.commu.isfsc.be\/index.php\/175-2\/","title":{"rendered":"Nos projets"},"content":{"rendered":"<p>[et_pb_section fb_built=\u00a0\u00bb1&Prime; admin_label=\u00a0\u00bbHero Section\u00a0\u00bb _builder_version=\u00a0\u00bb4.27.4&Prime; background_color=\u00a0\u00bb#ffdbdb\u00a0\u00bb background_enable_image=\u00a0\u00bboff\u00a0\u00bb custom_margin=\u00a0\u00bb|||\u00a0\u00bb custom_padding=\u00a0\u00bb119px|0px|13px|0px||\u00a0\u00bb global_colors_info=\u00a0\u00bb{}\u00a0\u00bb][et_pb_row custom_padding_last_edited=\u00a0\u00bboff|desktop\u00a0\u00bb admin_label=\u00a0\u00bbHero Area\u00a0\u00bb _builder_version=\u00a0\u00bb4.16&Prime; custom_padding=\u00a0\u00bb27px|0px|0px|0px\u00a0\u00bb global_colors_info=\u00a0\u00bb{}\u00a0\u00bb][et_pb_column type=\u00a0\u00bb4_4&Prime; _builder_version=\u00a0\u00bb4.16&Prime; custom_padding=\u00a0\u00bb|||\u00a0\u00bb global_colors_info=\u00a0\u00bb{}\u00a0\u00bb custom_padding__hover=\u00a0\u00bb|||\u00a0\u00bb][et_pb_code _builder_version=\u00a0\u00bb4.27.4&Prime; _module_preset=\u00a0\u00bbdefault\u00a0\u00bb global_colors_info=\u00a0\u00bb{}\u00a0\u00bb]<\/p>\n<div class=\"ink-line\"><\/div>\n<p><!-- [et_pb_line_break_holder] --><\/p>\n<style><!-- [et_pb_line_break_holder] -->  .ink-line {<!-- [et_pb_line_break_holder] -->    width: 100%;<!-- [et_pb_line_break_holder] -->    height: 2px;<!-- [et_pb_line_break_holder] -->    margin: 60px 0;<!-- [et_pb_line_break_holder] -->    background: linear-gradient(<!-- [et_pb_line_break_holder] -->      90deg,<!-- [et_pb_line_break_holder] -->      transparent,<!-- [et_pb_line_break_holder] -->      #000038,<!-- [et_pb_line_break_holder] -->      transparent<!-- [et_pb_line_break_holder] -->    );<!-- [et_pb_line_break_holder] -->    background-size: 200% 100%;<!-- [et_pb_line_break_holder] -->    animation: inkFlow 6s ease-in-out infinite;<!-- [et_pb_line_break_holder] -->    opacity: 0.6;<!-- [et_pb_line_break_holder] -->  }<!-- [et_pb_line_break_holder] --><!-- [et_pb_line_break_holder] -->  @keyframes inkFlow {<!-- [et_pb_line_break_holder] -->    0% {<!-- [et_pb_line_break_holder] -->      background-position: 0% 50%;<!-- [et_pb_line_break_holder] -->    }<!-- [et_pb_line_break_holder] -->    50% {<!-- [et_pb_line_break_holder] -->      background-position: 100% 50%;<!-- [et_pb_line_break_holder] -->    }<!-- [et_pb_line_break_holder] -->    100% {<!-- [et_pb_line_break_holder] -->      background-position: 0% 50%;<!-- [et_pb_line_break_holder] -->    }<!-- [et_pb_line_break_holder] -->  }<!-- [et_pb_line_break_holder] --><\/style>\n<p><!-- [et_pb_line_break_holder] -->[\/et_pb_code][et_pb_text admin_label=\u00a0\u00bbHero Title\u00a0\u00bb _builder_version=\u00a0\u00bb4.27.4&Prime; text_font=\u00a0\u00bbAboreto||||||||\u00a0\u00bb text_text_color=\u00a0\u00bb#000038&Prime; text_font_size=\u00a0\u00bb56px\u00a0\u00bb header_font=\u00a0\u00bbAlice||||||||\u00a0\u00bb header_font_size=\u00a0\u00bb80px\u00a0\u00bb header_letter_spacing=\u00a0\u00bb-3px\u00a0\u00bb header_line_height=\u00a0\u00bb1.1em\u00a0\u00bb background_layout=\u00a0\u00bbdark\u00a0\u00bb custom_margin=\u00a0\u00bb||0px|\u00a0\u00bb custom_padding=\u00a0\u00bb|||\u00a0\u00bb animation_style=\u00a0\u00bbslide\u00a0\u00bb animation_direction=\u00a0\u00bbleft\u00a0\u00bb animation_intensity_slide=\u00a0\u00bb5%\u00a0\u00bb animation_starting_opacity=\u00a0\u00bb100%\u00a0\u00bb text_font_size_last_edited=\u00a0\u00bboff|desktop\u00a0\u00bb header_font_size_tablet=\u00a0\u00bb\u00a0\u00bb header_font_size_phone=\u00a0\u00bb60px\u00a0\u00bb header_font_size_last_edited=\u00a0\u00bbon|phone\u00a0\u00bb global_colors_info=\u00a0\u00bb{}\u00a0\u00bb]<\/p>\n<p style=\"text-align: center;\">Nos projets<\/p>\n<p>[\/et_pb_text][\/et_pb_column][\/et_pb_row][et_pb_row _builder_version=\u00a0\u00bb4.27.4&Prime; _module_preset=\u00a0\u00bbdefault\u00a0\u00bb global_colors_info=\u00a0\u00bb{}\u00a0\u00bb][et_pb_column type=\u00a0\u00bb4_4&Prime; _builder_version=\u00a0\u00bb4.27.4&Prime; _module_preset=\u00a0\u00bbdefault\u00a0\u00bb global_colors_info=\u00a0\u00bb{}\u00a0\u00bb][et_pb_code _builder_version=\u00a0\u00bb4.27.4&Prime; _module_preset=\u00a0\u00bbdefault\u00a0\u00bb global_colors_info=\u00a0\u00bb{}\u00a0\u00bb]<\/p>\n<div class=\"ink-line\"><\/div>\n<p><!-- [et_pb_line_break_holder] --><\/p>\n<style><!-- [et_pb_line_break_holder] -->  .ink-line {<!-- [et_pb_line_break_holder] -->    width: 100%;<!-- [et_pb_line_break_holder] -->    height: 2px;<!-- [et_pb_line_break_holder] -->    margin: 60px 0;<!-- [et_pb_line_break_holder] -->    background: linear-gradient(<!-- [et_pb_line_break_holder] -->      90deg,<!-- [et_pb_line_break_holder] -->      transparent,<!-- [et_pb_line_break_holder] -->      #000038,<!-- [et_pb_line_break_holder] -->      transparent<!-- [et_pb_line_break_holder] -->    );<!-- [et_pb_line_break_holder] -->    background-size: 200% 100%;<!-- [et_pb_line_break_holder] -->    animation: inkFlow 6s ease-in-out infinite;<!-- [et_pb_line_break_holder] -->    opacity: 0.6;<!-- [et_pb_line_break_holder] -->  }<!-- [et_pb_line_break_holder] --><!-- [et_pb_line_break_holder] -->  @keyframes inkFlow {<!-- [et_pb_line_break_holder] -->    0% {<!-- [et_pb_line_break_holder] -->      background-position: 0% 50%;<!-- [et_pb_line_break_holder] -->    }<!-- [et_pb_line_break_holder] -->    50% {<!-- [et_pb_line_break_holder] -->      background-position: 100% 50%;<!-- [et_pb_line_break_holder] -->    }<!-- [et_pb_line_break_holder] -->    100% {<!-- [et_pb_line_break_holder] -->      background-position: 0% 50%;<!-- [et_pb_line_break_holder] -->    }<!-- [et_pb_line_break_holder] -->  }<!-- [et_pb_line_break_holder] --><\/style>\n<p><!-- [et_pb_line_break_holder] -->[\/et_pb_code][\/et_pb_column][\/et_pb_row][et_pb_row _builder_version=\u00a0\u00bb4.27.4&Prime; _module_preset=\u00a0\u00bbdefault\u00a0\u00bb global_colors_info=\u00a0\u00bb{}\u00a0\u00bb][et_pb_column type=\u00a0\u00bb4_4&Prime; _builder_version=\u00a0\u00bb4.27.4&Prime; _module_preset=\u00a0\u00bbdefault\u00a0\u00bb global_colors_info=\u00a0\u00bb{}\u00a0\u00bb][et_pb_text _builder_version=\u00a0\u00bb4.27.4&Prime; _module_preset=\u00a0\u00bbdefault\u00a0\u00bb text_font=\u00a0\u00bbBaskervville||||||||\u00a0\u00bb text_text_color=\u00a0\u00bb#000038&Prime; text_font_size=\u00a0\u00bb22px\u00a0\u00bb global_colors_info=\u00a0\u00bb{}\u00a0\u00bb]<\/p>\n<p>Nous sommes une jeune agence de communication engag\u00e9e et passionn\u00e9e.<br data-start=\"613\" data-end=\"616\" \/>Chaque projet que nous r\u00e9alisons est con\u00e7u avec attention, cr\u00e9ativit\u00e9 et sensibilit\u00e9, afin de donner vie \u00e0 des univers uniques et authentiques.<br data-start=\"761\" data-end=\"764\" \/>D\u00e9couvrez ici notre premier projet, en cours de d\u00e9veloppement, et restez connect\u00e9s\u2026 de nombreuses aventures cr\u00e9atives sont \u00e0 venir.<\/p>\n<p>[\/et_pb_text][\/et_pb_column][\/et_pb_row][\/et_pb_section][et_pb_section fb_built=\u00a0\u00bb1&Prime; admin_label=\u00a0\u00bbGallery Section\u00a0\u00bb _builder_version=\u00a0\u00bb4.27.4&Prime; background_color=\u00a0\u00bb#000038&Prime; custom_padding=\u00a0\u00bb0px||90px|\u00a0\u00bb global_colors_info=\u00a0\u00bb{}\u00a0\u00bb][et_pb_row _builder_version=\u00a0\u00bb4.16&Prime; global_colors_info=\u00a0\u00bb{}\u00a0\u00bb][et_pb_column type=\u00a0\u00bb4_4&Prime; _builder_version=\u00a0\u00bb4.16&Prime; custom_padding=\u00a0\u00bb|||\u00a0\u00bb global_colors_info=\u00a0\u00bb{}\u00a0\u00bb custom_padding__hover=\u00a0\u00bb|||\u00a0\u00bb][\/et_pb_column][\/et_pb_row][et_pb_row column_structure=\u00a0\u00bb1_3,1_3,1_3&Prime; _builder_version=\u00a0\u00bb4.27.4&Prime; _module_preset=\u00a0\u00bbdefault\u00a0\u00bb global_colors_info=\u00a0\u00bb{}\u00a0\u00bb][et_pb_column type=\u00a0\u00bb1_3&Prime; _builder_version=\u00a0\u00bb4.27.4&Prime; _module_preset=\u00a0\u00bbdefault\u00a0\u00bb global_colors_info=\u00a0\u00bb{}\u00a0\u00bb][et_pb_text _builder_version=\u00a0\u00bb4.27.4&Prime; _module_preset=\u00a0\u00bbdefault\u00a0\u00bb text_font=\u00a0\u00bbAboreto||||||||\u00a0\u00bb text_text_color=\u00a0\u00bb#ffdbdb\u00a0\u00bb text_font_size=\u00a0\u00bb31px\u00a0\u00bb text_line_height=\u00a0\u00bb1.9em\u00a0\u00bb width=\u00a0\u00bb100%\u00a0\u00bb border_radii=\u00a0\u00bbon|23px|23px|23px|23px\u00a0\u00bb box_shadow_style=\u00a0\u00bbpreset1&Prime; box_shadow_blur=\u00a0\u00bb29px\u00a0\u00bb box_shadow_spread=\u00a0\u00bb15px\u00a0\u00bb box_shadow_color=\u00a0\u00bb#ffdbdb\u00a0\u00bb global_colors_info=\u00a0\u00bb{}\u00a0\u00bb]<\/p>\n<p>Projet phare:\u00a0 \u00a0 \u00a0Ave Natura<\/p>\n<p>[\/et_pb_text][\/et_pb_column][et_pb_column type=\u00a0\u00bb1_3&Prime; _builder_version=\u00a0\u00bb4.27.4&Prime; _module_preset=\u00a0\u00bbdefault\u00a0\u00bb global_colors_info=\u00a0\u00bb{}\u00a0\u00bb][et_pb_image src=\u00a0\u00bbhttps:\/\/cms2520.commu.isfsc.be\/wp-content\/uploads\/2025\/12\/avenaturalogo.webp\u00a0\u00bb title_text=\u00a0\u00bbavenaturalogo\u00a0\u00bb _builder_version=\u00a0\u00bb4.27.4&Prime; _module_preset=\u00a0\u00bbdefault\u00a0\u00bb width=\u00a0\u00bb100%\u00a0\u00bb module_alignment=\u00a0\u00bbcenter\u00a0\u00bb hover_enabled=\u00a0\u00bb0&Prime; border_radii=\u00a0\u00bbon|104px|104px|104px|104px\u00a0\u00bb global_colors_info=\u00a0\u00bb{}\u00a0\u00bb custom_margin=\u00a0\u00bb|-53px||-11px|false|false\u00a0\u00bb custom_padding=\u00a0\u00bb|||69px|false|false\u00a0\u00bb sticky_enabled=\u00a0\u00bb0&Prime;][\/et_pb_image][\/et_pb_column][et_pb_column type=\u00a0\u00bb1_3&Prime; _builder_version=\u00a0\u00bb4.27.4&Prime; _module_preset=\u00a0\u00bbdefault\u00a0\u00bb global_colors_info=\u00a0\u00bb{}\u00a0\u00bb][et_pb_text _builder_version=\u00a0\u00bb4.27.4&Prime; _module_preset=\u00a0\u00bbdefault\u00a0\u00bb text_font=\u00a0\u00bbBaskervville||||||||\u00a0\u00bb text_text_color=\u00a0\u00bb#ffdbdb\u00a0\u00bb text_font_size=\u00a0\u00bb18px\u00a0\u00bb background_layout=\u00a0\u00bbdark\u00a0\u00bb global_colors_info=\u00a0\u00bb{}\u00a0\u00bb]<\/p>\n<p>Ave Natura est notre tout premier projet, un univers de marque pens\u00e9 pour valoriser la nature, l\u2019authenticit\u00e9 et le bien-\u00eatre.<br data-start=\"1162\" data-end=\"1165\" \/>De la r\u00e9flexion strat\u00e9gique \u00e0 la direction artistique, nous travaillons \u00e0 traduire ces valeurs en une exp\u00e9rience visuelle forte et coh\u00e9rente.<br data-start=\"1306\" data-end=\"1309\" \/>Ce projet est en cours, et nous avons h\u00e2te de vous en d\u00e9voiler davantage tr\u00e8s bient\u00f4t.<\/p>\n<p>[\/et_pb_text][\/et_pb_column][\/et_pb_row][et_pb_row _builder_version=\u00a0\u00bb4.27.4&Prime; _module_preset=\u00a0\u00bbdefault\u00a0\u00bb global_colors_info=\u00a0\u00bb{}\u00a0\u00bb][et_pb_column type=\u00a0\u00bb4_4&Prime; _builder_version=\u00a0\u00bb4.27.4&Prime; _module_preset=\u00a0\u00bbdefault\u00a0\u00bb global_colors_info=\u00a0\u00bb{}\u00a0\u00bb][et_pb_code _builder_version=\u00a0\u00bb4.27.4&Prime; _module_preset=\u00a0\u00bbdefault\u00a0\u00bb hover_enabled=\u00a0\u00bb0&Prime; global_colors_info=\u00a0\u00bb{}\u00a0\u00bb sticky_enabled=\u00a0\u00bb0&Prime;]<\/p>\n<div class=\"floating-lights\"><!-- [et_pb_line_break_holder] -->  <span class=\"light\"><\/span><!-- [et_pb_line_break_holder] -->  <span class=\"light\"><\/span><!-- [et_pb_line_break_holder] -->  <span class=\"light\"><\/span><!-- [et_pb_line_break_holder] -->  <span class=\"light\"><\/span><!-- [et_pb_line_break_holder] -->  <span class=\"light\"><\/span><!-- [et_pb_line_break_holder] --><\/div>\n<p><!-- [et_pb_line_break_holder] --><!-- [et_pb_line_break_holder] --><\/p>\n<style><!-- [et_pb_line_break_holder] -->.floating-lights {<!-- [et_pb_line_break_holder] -->  position: relative;<!-- [et_pb_line_break_holder] -->  width: 100%;<!-- [et_pb_line_break_holder] -->  height: 300px;<!-- [et_pb_line_break_holder] -->  overflow: hidden;<!-- [et_pb_line_break_holder] -->  pointer-events: none;<!-- [et_pb_line_break_holder] -->}<!-- [et_pb_line_break_holder] --><!-- [et_pb_line_break_holder] -->\/* Style des lueurs *\/<!-- [et_pb_line_break_holder] -->.light {<!-- [et_pb_line_break_holder] -->  position: absolute;<!-- [et_pb_line_break_holder] -->  width: 10px;<!-- [et_pb_line_break_holder] -->  height: 10px;<!-- [et_pb_line_break_holder] -->  background: #ffdbdb;<!-- [et_pb_line_break_holder] -->  border-radius: 50%;<!-- [et_pb_line_break_holder] -->  opacity: 0.6;<!-- [et_pb_line_break_holder] -->  filter: blur(1px);<!-- [et_pb_line_break_holder] -->  box-shadow:<!-- [et_pb_line_break_holder] -->    0 0 10px rgba(255, 219, 219, 0.6),<!-- [et_pb_line_break_holder] -->    0 0 25px rgba(255, 219, 219, 0.4);<!-- [et_pb_line_break_holder] -->  animation: float 12s ease-in-out infinite;<!-- [et_pb_line_break_holder] -->}<!-- [et_pb_line_break_holder] --><!-- [et_pb_line_break_holder] -->\/* Positions & tailles diff\u00e9rentes *\/<!-- [et_pb_line_break_holder] -->.light:nth-child(1) {<!-- [et_pb_line_break_holder] -->  left: 10%;<!-- [et_pb_line_break_holder] -->  top: 70%;<!-- [et_pb_line_break_holder] -->  animation-delay: 0s;<!-- [et_pb_line_break_holder] -->}<!-- [et_pb_line_break_holder] -->.light:nth-child(2) {<!-- [et_pb_line_break_holder] -->  left: 30%;<!-- [et_pb_line_break_holder] -->  top: 40%;<!-- [et_pb_line_break_holder] -->  width: 6px;<!-- [et_pb_line_break_holder] -->  height: 6px;<!-- [et_pb_line_break_holder] -->  animation-delay: 2s;<!-- [et_pb_line_break_holder] -->}<!-- [et_pb_line_break_holder] -->.light:nth-child(3) {<!-- [et_pb_line_break_holder] -->  left: 55%;<!-- [et_pb_line_break_holder] -->  top: 80%;<!-- [et_pb_line_break_holder] -->  width: 8px;<!-- [et_pb_line_break_holder] -->  height: 8px;<!-- [et_pb_line_break_holder] -->  animation-delay: 4s;<!-- [et_pb_line_break_holder] -->}<!-- [et_pb_line_break_holder] -->.light:nth-child(4) {<!-- [et_pb_line_break_holder] -->  left: 75%;<!-- [et_pb_line_break_holder] -->  top: 50%;<!-- [et_pb_line_break_holder] -->  width: 5px;<!-- [et_pb_line_break_holder] -->  height: 5px;<!-- [et_pb_line_break_holder] -->  animation-delay: 6s;<!-- [et_pb_line_break_holder] -->}<!-- [et_pb_line_break_holder] -->.light:nth-child(5) {<!-- [et_pb_line_break_holder] -->  left: 90%;<!-- [et_pb_line_break_holder] -->  top: 65%;<!-- [et_pb_line_break_holder] -->  width: 7px;<!-- [et_pb_line_break_holder] -->  height: 7px;<!-- [et_pb_line_break_holder] -->  animation-delay: 8s;<!-- [et_pb_line_break_holder] -->}<!-- [et_pb_line_break_holder] --><!-- [et_pb_line_break_holder] -->\/* Animation flottante douce *\/<!-- [et_pb_line_break_holder] -->@keyframes float {<!-- [et_pb_line_break_holder] -->  0% {<!-- [et_pb_line_break_holder] -->    transform: translateY(0) translateX(0);<!-- [et_pb_line_break_holder] -->    opacity: 0.3;<!-- [et_pb_line_break_holder] -->  }<!-- [et_pb_line_break_holder] -->  50% {<!-- [et_pb_line_break_holder] -->    transform: translateY(-40px) translateX(10px);<!-- [et_pb_line_break_holder] -->    opacity: 0.8;<!-- [et_pb_line_break_holder] -->  }<!-- [et_pb_line_break_holder] -->  100% {<!-- [et_pb_line_break_holder] -->    transform: translateY(0) translateX(0);<!-- [et_pb_line_break_holder] -->    opacity: 0.3;<!-- [et_pb_line_break_holder] -->  }<!-- [et_pb_line_break_holder] -->}<!-- [et_pb_line_break_holder] --><\/style>\n<p><!-- [et_pb_line_break_holder] -->[\/et_pb_code][\/et_pb_column][\/et_pb_row][\/et_pb_section][et_pb_section fb_built=\u00a0\u00bb1&Prime; _builder_version=\u00a0\u00bb4.27.4&Prime; _module_preset=\u00a0\u00bbdefault\u00a0\u00bb background_color=\u00a0\u00bb#000038&Prime; border_radii=\u00a0\u00bbon|436px|436px|436px|436px\u00a0\u00bb border_width_all=\u00a0\u00bb25px\u00a0\u00bb border_color_all=\u00a0\u00bb#ffdbdb\u00a0\u00bb global_colors_info=\u00a0\u00bb{}\u00a0\u00bb][et_pb_row _builder_version=\u00a0\u00bb4.27.4&Prime; _module_preset=\u00a0\u00bbdefault\u00a0\u00bb global_colors_info=\u00a0\u00bb{}\u00a0\u00bb][et_pb_column type=\u00a0\u00bb4_4&Prime; _builder_version=\u00a0\u00bb4.27.4&Prime; _module_preset=\u00a0\u00bbdefault\u00a0\u00bb global_colors_info=\u00a0\u00bb{}\u00a0\u00bb][et_pb_text _builder_version=\u00a0\u00bb4.27.4&Prime; _module_preset=\u00a0\u00bbdefault\u00a0\u00bb text_font=\u00a0\u00bbAboreto||||||||\u00a0\u00bb text_text_color=\u00a0\u00bb#ffdbdb\u00a0\u00bb text_font_size=\u00a0\u00bb23px\u00a0\u00bb background_layout=\u00a0\u00bbdark\u00a0\u00bb global_colors_info=\u00a0\u00bb{}\u00a0\u00bb]<\/p>\n<p style=\"text-align: center;\">Nos projets sont en pleine \u00e9volution, et nous avons de nombreux autres univers \u00e0 explorer.<br data-start=\"1523\" data-end=\"1526\" \/>Restez connect\u00e9s pour suivre nos prochaines cr\u00e9ations.<\/p>\n<p>[\/et_pb_text][\/et_pb_column][\/et_pb_row][et_pb_row _builder_version=\u00a0\u00bb4.27.4&Prime; _module_preset=\u00a0\u00bbdefault\u00a0\u00bb global_colors_info=\u00a0\u00bb{}\u00a0\u00bb][et_pb_column type=\u00a0\u00bb4_4&Prime; _builder_version=\u00a0\u00bb4.27.4&Prime; _module_preset=\u00a0\u00bbdefault\u00a0\u00bb global_colors_info=\u00a0\u00bb{}\u00a0\u00bb][et_pb_code _builder_version=\u00a0\u00bb4.27.4&Prime; _module_preset=\u00a0\u00bbdefault\u00a0\u00bb global_colors_info=\u00a0\u00bb{}\u00a0\u00bb]<\/p>\n<div class=\"loading-container\"><!-- [et_pb_line_break_holder] -->  <\/p>\n<div class=\"loading-text\">\u00c0 suivre<span class=\"dot\">.<\/span><span class=\"dot\">.<\/span><span class=\"dot\">.<\/span><\/div>\n<p><!-- [et_pb_line_break_holder] -->  <\/p>\n<div class=\"loading-bar\"><!-- [et_pb_line_break_holder] -->    <\/p>\n<div class=\"loading-progress\"><\/div>\n<p><!-- [et_pb_line_break_holder] -->  <\/div>\n<p><!-- [et_pb_line_break_holder] --><\/div>\n<p><!-- [et_pb_line_break_holder] --><!-- [et_pb_line_break_holder] --><\/p>\n<style><!-- [et_pb_line_break_holder] -->.loading-container {<!-- [et_pb_line_break_holder] -->  width: 250px;<!-- [et_pb_line_break_holder] -->  margin: 50px auto;<!-- [et_pb_line_break_holder] -->  text-align: center;<!-- [et_pb_line_break_holder] -->  font-family: \"Libre Baskerville\", \"Baskerville\", serif;<!-- [et_pb_line_break_holder] -->  color: #ffdbdb;<!-- [et_pb_line_break_holder] -->}<!-- [et_pb_line_break_holder] --><!-- [et_pb_line_break_holder] -->.loading-text {<!-- [et_pb_line_break_holder] -->  font-size: 1.6rem;<!-- [et_pb_line_break_holder] -->  font-weight: 600;<!-- [et_pb_line_break_holder] -->  letter-spacing: 0.06em;<!-- [et_pb_line_break_holder] -->  animation: blink 1.8s linear infinite;<!-- [et_pb_line_break_holder] -->  user-select: none;<!-- [et_pb_line_break_holder] -->}<!-- [et_pb_line_break_holder] --><!-- [et_pb_line_break_holder] -->.loading-text .dot {<!-- [et_pb_line_break_holder] -->  animation: blinkDot 1.8s linear infinite;<!-- [et_pb_line_break_holder] -->}<!-- [et_pb_line_break_holder] --><!-- [et_pb_line_break_holder] -->.loading-text .dot:nth-child(2) {<!-- [et_pb_line_break_holder] -->  animation-delay: 0.3s;<!-- [et_pb_line_break_holder] -->}<!-- [et_pb_line_break_holder] --><!-- [et_pb_line_break_holder] -->.loading-text .dot:nth-child(3) {<!-- [et_pb_line_break_holder] -->  animation-delay: 0.6s;<!-- [et_pb_line_break_holder] -->}<!-- [et_pb_line_break_holder] --><!-- [et_pb_line_break_holder] -->\/* Clignotement du texte *\/<!-- [et_pb_line_break_holder] -->@keyframes blink {<!-- [et_pb_line_break_holder] -->  0%, 50%, 100% {<!-- [et_pb_line_break_holder] -->    opacity: 1;<!-- [et_pb_line_break_holder] -->  }<!-- [et_pb_line_break_holder] -->  25%, 75% {<!-- [et_pb_line_break_holder] -->    opacity: 0.5;<!-- [et_pb_line_break_holder] -->  }<!-- [et_pb_line_break_holder] -->}<!-- [et_pb_line_break_holder] --><!-- [et_pb_line_break_holder] -->\/* Clignotement des points *\/<!-- [et_pb_line_break_holder] -->@keyframes blinkDot {<!-- [et_pb_line_break_holder] -->  0%, 20%, 100% {<!-- [et_pb_line_break_holder] -->    opacity: 0;<!-- [et_pb_line_break_holder] -->  }<!-- [et_pb_line_break_holder] -->  50% {<!-- [et_pb_line_break_holder] -->    opacity: 1;<!-- [et_pb_line_break_holder] -->  }<!-- [et_pb_line_break_holder] -->}<!-- [et_pb_line_break_holder] --><!-- [et_pb_line_break_holder] -->\/* Barre de chargement *\/<!-- [et_pb_line_break_holder] -->.loading-bar {<!-- [et_pb_line_break_holder] -->  width: 100%;<!-- [et_pb_line_break_holder] -->  height: 6px;<!-- [et_pb_line_break_holder] -->  background: rgba(255, 219, 219, 0.3);<!-- [et_pb_line_break_holder] -->  border-radius: 4px;<!-- [et_pb_line_break_holder] -->  margin-top: 16px;<!-- [et_pb_line_break_holder] -->  overflow: hidden;<!-- [et_pb_line_break_holder] -->  box-shadow: 0 0 8px rgba(255, 219, 219, 0.4);<!-- [et_pb_line_break_holder] -->}<!-- [et_pb_line_break_holder] --><!-- [et_pb_line_break_holder] -->.loading-progress {<!-- [et_pb_line_break_holder] -->  height: 100%;<!-- [et_pb_line_break_holder] -->  width: 0;<!-- [et_pb_line_break_holder] -->  background: #ffdbdb;<!-- [et_pb_line_break_holder] -->  border-radius: 4px;<!-- [et_pb_line_break_holder] -->  animation: loadProgress 3s ease-in-out infinite;<!-- [et_pb_line_break_holder] -->}<!-- [et_pb_line_break_holder] --><!-- [et_pb_line_break_holder] -->\/* Animation barre de chargement *\/<!-- [et_pb_line_break_holder] -->@keyframes loadProgress {<!-- [et_pb_line_break_holder] -->  0% {<!-- [et_pb_line_break_holder] -->    width: 0;<!-- [et_pb_line_break_holder] -->    box-shadow: 0 0 8px #ffdbdb;<!-- [et_pb_line_break_holder] -->  }<!-- [et_pb_line_break_holder] -->  50% {<!-- [et_pb_line_break_holder] -->    width: 100%;<!-- [et_pb_line_break_holder] -->    box-shadow: 0 0 20px #ffdbdb;<!-- [et_pb_line_break_holder] -->  }<!-- [et_pb_line_break_holder] -->  100% {<!-- [et_pb_line_break_holder] -->    width: 0;<!-- [et_pb_line_break_holder] -->    box-shadow: 0 0 8px #ffdbdb;<!-- [et_pb_line_break_holder] -->  }<!-- [et_pb_line_break_holder] -->}<!-- [et_pb_line_break_holder] --><!-- [et_pb_line_break_holder] -->\/* Responsive *\/<!-- [et_pb_line_break_holder] -->@media (max-width: 480px) {<!-- [et_pb_line_break_holder] -->  .loading-container {<!-- [et_pb_line_break_holder] -->    width: 80%;<!-- [et_pb_line_break_holder] -->  }<!-- [et_pb_line_break_holder] -->  .loading-text {<!-- [et_pb_line_break_holder] -->    font-size: 1.2rem;<!-- [et_pb_line_break_holder] -->  }<!-- [et_pb_line_break_holder] -->}<!-- [et_pb_line_break_holder] --><\/style>\n<p><!-- [et_pb_line_break_holder] -->[\/et_pb_code][\/et_pb_column][\/et_pb_row][et_pb_row _builder_version=\u00a0\u00bb4.27.4&Prime; _module_preset=\u00a0\u00bbdefault\u00a0\u00bb global_colors_info=\u00a0\u00bb{}\u00a0\u00bb][et_pb_column type=\u00a0\u00bb4_4&Prime; _builder_version=\u00a0\u00bb4.27.4&Prime; _module_preset=\u00a0\u00bbdefault\u00a0\u00bb global_colors_info=\u00a0\u00bb{}\u00a0\u00bb][et_pb_button button_text=\u00a0\u00bbContactez-nous\u00a0\u00bb button_alignment=\u00a0\u00bbcenter\u00a0\u00bb _builder_version=\u00a0\u00bb4.27.4&Prime; _module_preset=\u00a0\u00bbdefault\u00a0\u00bb custom_button=\u00a0\u00bbon\u00a0\u00bb button_text_size=\u00a0\u00bb24px\u00a0\u00bb button_text_color=\u00a0\u00bb#000038&Prime; button_bg_color=\u00a0\u00bb#ffdbdb\u00a0\u00bb button_border_radius=\u00a0\u00bb42px\u00a0\u00bb button_font=\u00a0\u00bbBaskervville||||||||\u00a0\u00bb button_icon=\u00a0\u00bb&#xe03c;||divi||400&Prime; background_layout=\u00a0\u00bbdark\u00a0\u00bb global_colors_info=\u00a0\u00bb{}\u00a0\u00bb][\/et_pb_button][\/et_pb_column][\/et_pb_row][\/et_pb_section]<\/p>\n","protected":false},"excerpt":{"rendered":"<p>Nos projetsNous sommes une jeune agence de communication engag\u00e9e et passionn\u00e9e.Chaque projet que nous r\u00e9alisons est con\u00e7u avec attention, cr\u00e9ativit\u00e9 et sensibilit\u00e9, afin de donner vie \u00e0 des univers uniques et authentiques.D\u00e9couvrez ici notre premier projet, en cours de d\u00e9veloppement, et restez connect\u00e9s\u2026 de nombreuses aventures cr\u00e9atives sont \u00e0 venir.Projet phare:\u00a0 \u00a0 \u00a0Ave NaturaAve Natura [&hellip;]<\/p>\n","protected":false},"author":3,"featured_media":0,"parent":0,"menu_order":0,"comment_status":"closed","ping_status":"closed","template":"","meta":{"_et_pb_use_builder":"on","_et_pb_old_content":"","_et_gb_content_width":"","footnotes":""},"class_list":["post-175","page","type-page","status-publish","hentry"],"_links":{"self":[{"href":"https:\/\/cms2520.commu.isfsc.be\/index.php\/wp-json\/wp\/v2\/pages\/175","targetHints":{"allow":["GET"]}}],"collection":[{"href":"https:\/\/cms2520.commu.isfsc.be\/index.php\/wp-json\/wp\/v2\/pages"}],"about":[{"href":"https:\/\/cms2520.commu.isfsc.be\/index.php\/wp-json\/wp\/v2\/types\/page"}],"author":[{"embeddable":true,"href":"https:\/\/cms2520.commu.isfsc.be\/index.php\/wp-json\/wp\/v2\/users\/3"}],"replies":[{"embeddable":true,"href":"https:\/\/cms2520.commu.isfsc.be\/index.php\/wp-json\/wp\/v2\/comments?post=175"}],"version-history":[{"count":5,"href":"https:\/\/cms2520.commu.isfsc.be\/index.php\/wp-json\/wp\/v2\/pages\/175\/revisions"}],"predecessor-version":[{"id":201,"href":"https:\/\/cms2520.commu.isfsc.be\/index.php\/wp-json\/wp\/v2\/pages\/175\/revisions\/201"}],"wp:attachment":[{"href":"https:\/\/cms2520.commu.isfsc.be\/index.php\/wp-json\/wp\/v2\/media?parent=175"}],"curies":[{"name":"wp","href":"https:\/\/api.w.org\/{rel}","templated":true}]}}